{"id":22734,"date":"2021-12-02T17:40:33","date_gmt":"2021-12-02T17:40:33","guid":{"rendered":"http:\/\/gunepyapi.com.tr\/?page_id=22734"},"modified":"2021-12-24T06:33:59","modified_gmt":"2021-12-24T06:33:59","slug":"kurumsal","status":"publish","type":"page","link":"http:\/\/gunepyapi.com.tr\/?page_id=22734","title":{"rendered":"Kurumsal"},"content":{"rendered":"<p>[vc_row force_equal_height_columns=&#8221;main_row&#8221;][vc_column width=&#8221;1\/3&#8243;][dfd_single_image module_animation=&#8221;transition.slideUpBigIn&#8221; image=&#8221;22885&#8243; tutorials=&#8221;&#8221;][\/vc_column][vc_column width=&#8221;2\/3&#8243;][dfd_spacer screen_wide_spacer_size=&#8221;30&#8243; screen_normal_resolution=&#8221;1024&#8243; screen_tablet_resolution=&#8221;800&#8243; screen_mobile_resolution=&#8221;480&#8243;][dfd_heading style=&#8221;style_02&#8243; subtitle=&#8221;G\u00fcnep Yap\u0131 Hakk\u0131nda&#8221; content_alignment=&#8221;text-left&#8221; module_animation=&#8221;transition.slideRightBigIn&#8221; enable_delimiter=&#8221;&#8221; undefined=&#8221;&#8221; title_font_options=&#8221;tag:h2|line_height:38&#8243; subtitle_font_options=&#8221;tag:div|font_size:16|color:%23595959&#8243; title_responsive=&#8221;font_size_desktop:31|line_height_desktop:36|font_size_tablet:30|line_height_tablet:36|font_size_mobile:28|line_height_mobile:34&#8243;]Kurumsal[\/dfd_heading][vc_column_text item_animation=&#8221;transition.slideRightBigIn&#8221;]G\u00fcnep Grup \u015eirketlerimizden; G\u00fcnep Yap\u0131 A.\u015e. 2002 y\u0131l\u0131nda kurulu\u015fu yap\u0131larak, in\u015faat sekt\u00f6r\u00fcndeki faaliyetlerine ba\u015flam\u0131\u015ft\u0131r. 2002 y\u0131l\u0131nda faaliyete ba\u015flamas\u0131yla birlikte ilk olarak grup \u015firketlerimizin mobilya ve toptan da\u011f\u0131t\u0131m alan\u0131nda kulland\u0131\u011f\u0131 35.000 m2\u2019lik depolama alanlar\u0131n\u0131 yapm\u0131\u015ft\u0131r. Ayr\u0131ca Seyhan il\u00e7esi muhtelif bulvarlar\u0131nda konut projelerimiz tamamlanm\u0131\u015f olup sahiplerine teslim edilmi\u015ftir.<\/p>\n<p>Sonraki y\u0131llarda Adana\u2019m\u0131z\u0131n \u00c7ukurova ve Seyhan il\u00e7eleri s\u0131n\u0131rlar\u0131nda bulunan muhtelif bulvarlar\u0131nda konut ve site projeleri ger\u00e7ekle\u015ftirerek m\u00fc\u015fterilerine teslimatlar\u0131n\u0131 yapm\u0131\u015ft\u0131r. 2008 y\u0131l\u0131 ba\u015flar\u0131ndan ba\u015flayarak 2016 y\u0131l\u0131 sonlar\u0131na kadar; Adana\u2019da ofis anlay\u0131\u015f\u0131nda ve k\u00fclt\u00fcr\u00fcnde de\u011fi\u015fiklik yaratacak anlamda projelerle: G\u00fcnep Plaza, G\u00fcnep Panoroma, G\u00fcnep Kuruk\u00f6pr\u00fc ve G\u00fcnep Ziyapa\u015fa gibi ofis merkezlerini devreye sokarak, i\u015f d\u00fcnyas\u0131na ula\u015f\u0131m, kullan\u0131m, konfor ve kalitenin i\u00e7 i\u00e7e ya\u015fand\u0131\u011f\u0131 \u00e7al\u0131\u015fma alanlar\u0131 sunmu\u015ftur. Ofis merkezlerimizin tamam\u0131 %100 dolulu\u011fa yak\u0131n bir \u015fekilde m\u00fc\u015fterilerimiz taraf\u0131ndan kullan\u0131lmaya ba\u015flam\u0131\u015ft\u0131r.<\/p>\n<p>2017 y\u0131l\u0131 ortalar\u0131ndan itibaren de Adana\u2019n\u0131n muhtelif b\u00f6lgelerinde imarla ilgili ya\u015fanan sorunlar\u0131n ortadan kalkmas\u0131yla birlikte; Barajyolu\u2019nda konut sekt\u00f6r\u00fcnde fark yaratmas\u0131n\u0131 d\u00fc\u015f\u00fcnd\u00fc\u011f\u00fcm\u00fcz G\u00fcnep Kule ve G\u00fcnep Park projelerinin yap\u0131m\u0131n\u0131 ba\u015flatm\u0131\u015f olup, G\u00fcnep Park projemiz tamamlanm\u0131\u015f ve sahiplerine teslim edilmi\u015ftir. G\u00fcnep Kule Projemizin yap\u0131m\u0131 devam etmektedir.<\/p>\n<p style=\"text-align: left;\">Amac\u0131m\u0131z; in\u015faat sekt\u00f6r\u00fcnde Adana\u2019m\u0131za g\u00f6rsel ve genel manada projelerimizle katk\u0131lar sa\u011flamakt\u0131r. Bu ama\u00e7 i\u00e7in; t\u00fcm ekip olarak \u00e7al\u0131\u015fmalar\u0131m\u0131z devam etmektedir. Bize inanan, g\u00fcvenen, m\u00fc\u015fterilerimize, \u00e7al\u0131\u015fanlar\u0131m\u0131za ve \u00fclkemize mah\u00e7up olmadan b\u00fcy\u00fcyerek yolumuza devam edece\u011fiz.<\/p>\n<p>[\/vc_column_text][dfd_spacer screen_wide_spacer_size=&#8221;30&#8243; screen_normal_resolution=&#8221;1280&#8243; screen_tablet_resolution=&#8221;1024&#8243; screen_mobile_resolution=&#8221;800&#8243; screen_tablet_spacer_size=&#8221;60&#8243; screen_mobile_spacer_size=&#8221;50&#8243;][\/vc_column][\/vc_row][vc_row][vc_column][dfd_spacer screen_wide_spacer_size=&#8221;30&#8243; screen_normal_resolution=&#8221;1024&#8243; screen_tablet_resolution=&#8221;800&#8243; screen_mobile_resolution=&#8221;480&#8243;][\/vc_column][\/vc_row][vc_row][vc_column width=&#8221;1\/2&#8243; css=&#8221;.vc_custom_1638467840997{padding-right: 15px !important;padding-left: 15px !important;}&#8221; col_shadow=&#8221;box_shadow_enable:disable|shadow_horizontal:0|shadow_vertical:15|shadow_blur:50|shadow_spread:0|box_shadow_color:rgba(0%2C0%2C0%2C0.35)&#8221; col_shadow_hover=&#8221;box_shadow_enable:disable|shadow_horizontal:0|shadow_vertical:15|shadow_blur:50|shadow_spread:0|box_shadow_color:rgba(0%2C0%2C0%2C0.35)&#8221;][dfd_spacer screen_wide_spacer_size=&#8221;30&#8243; screen_normal_resolution=&#8221;1280&#8243; screen_tablet_resolution=&#8221;1024&#8243; screen_mobile_resolution=&#8221;800&#8243; screen_tablet_spacer_size=&#8221;60&#8243; screen_mobile_spacer_size=&#8221;50&#8243;][dfd_heading style=&#8221;style_02&#8243; subtitle=&#8221;&#8221; content_alignment=&#8221;text-left&#8221; module_animation=&#8221;transition.slideRightBigIn&#8221; enable_delimiter=&#8221;&#8221; undefined=&#8221;&#8221; title_font_options=&#8221;tag:h4|line_height:38&#8243; subtitle_font_options=&#8221;tag:div|font_size:16|color:%23595959&#8243; title_responsive=&#8221;font_size_desktop:31|line_height_desktop:36|font_size_tablet:30|line_height_tablet:36|font_size_mobile:28|line_height_mobile:34&#8243;]Vizyon[\/dfd_heading][vc_column_text item_animation=&#8221;transition.slideRightBigIn&#8221;]Hizmet verdi\u011fimiz in\u015faat sekt\u00f6r\u00fcnde her zaman \u201cen iyisi\u201d olmay\u0131 hedeflemi\u015f ve \u00e7al\u0131\u015fmalar\u0131m\u0131z\u0131 bu do\u011frultuda planlam\u0131\u015f ve s\u00fcrd\u00fcrmeye de devam etmekteyiz. G\u00fcnep Yap\u0131 lider konumuna gelmekten ziyade, o konumu sakl\u0131 tutman\u0131n daha \u00f6nemli oldu\u011funu, bunun da ancak temeli planlanm\u0131\u015f, h\u0131zl\u0131, g\u00fcvenli ve kaliteli projelerle hizmet vermekle m\u00fcmk\u00fcn olabilece\u011finin bilincindedir. Yar\u0131m as\u0131ra yakla\u015fan ticari hayat\u0131m\u0131zdaki tecr\u00fcbelerimizin \u0131\u015f\u0131\u011f\u0131nda G\u00fcnep Yap\u0131 ekibi olarak; g\u00fcven, bilgi, ileti\u015fim, e\u011fitim anlay\u0131\u015flar\u0131ndan ve \u00f6neminden asla vazge\u00e7meyerek, tak\u0131m ruhuna inanarak \u201cen iyisi\u201d olman\u0131n ba\u015far\u0131labilece\u011fine inanmaktay\u0131z.[\/vc_column_text][dfd_spacer screen_wide_spacer_size=&#8221;30&#8243; screen_normal_resolution=&#8221;1280&#8243; screen_tablet_resolution=&#8221;1024&#8243; screen_mobile_resolution=&#8221;800&#8243; screen_tablet_spacer_size=&#8221;60&#8243; screen_mobile_spacer_size=&#8221;50&#8243;][\/vc_column][vc_column width=&#8221;1\/2&#8243; css=&#8221;.vc_custom_1638467885322{padding-right: 15px !important;padding-left: 15px !important;}&#8221; col_shadow=&#8221;box_shadow_enable:disable|shadow_horizontal:0|shadow_vertical:15|shadow_blur:50|shadow_spread:0|box_shadow_color:rgba(0%2C0%2C0%2C0.35)&#8221; col_shadow_hover=&#8221;box_shadow_enable:disable|shadow_horizontal:0|shadow_vertical:15|shadow_blur:50|shadow_spread:0|box_shadow_color:rgba(0%2C0%2C0%2C0.35)&#8221;][dfd_spacer screen_wide_spacer_size=&#8221;30&#8243; screen_normal_resolution=&#8221;1280&#8243; screen_tablet_resolution=&#8221;1024&#8243; screen_mobile_resolution=&#8221;800&#8243; screen_tablet_spacer_size=&#8221;60&#8243; screen_mobile_spacer_size=&#8221;50&#8243;][dfd_heading style=&#8221;style_02&#8243; subtitle=&#8221;&#8221; content_alignment=&#8221;text-left&#8221; module_animation=&#8221;transition.slideRightBigIn&#8221; enable_delimiter=&#8221;&#8221; undefined=&#8221;&#8221; title_font_options=&#8221;tag:h4|line_height:38&#8243; subtitle_font_options=&#8221;tag:div|font_size:16|color:%23595959&#8243; title_responsive=&#8221;font_size_desktop:31|line_height_desktop:36|font_size_tablet:30|line_height_tablet:36|font_size_mobile:28|line_height_mobile:34&#8243;]Misyon[\/dfd_heading][vc_column_text item_animation=&#8221;transition.slideRightBigIn&#8221;]Ticari faaliyetlerine ilk ba\u015flad\u0131\u011f\u0131 g\u00fcnden bug\u00fcne ve bundan sonraki ticari hayat\u0131nda hizmet verdi\u011fi t\u00fcm b\u00f6lgelerde \u00fclke ekonomisine de\u011fer sa\u011flamak, istihdama katk\u0131da bulunmak sorumlulu\u011fu ve duygusuyla hareket etmeyi kendisine ilke edinmi\u015ftir. G\u00fcnep Yap\u0131 projelerini planlarken; kendisini tercih eden m\u00fc\u015fterilerinin ya\u015fam bi\u00e7imlerine ve kullan\u0131m al\u0131\u015fkanl\u0131klar\u0131na uygun olmas\u0131 a\u00e7\u0131s\u0131ndan, bulundu\u011fu co\u011frafi b\u00f6lgelerin t\u00fcm \u00f6zelliklerini g\u00f6z \u00f6n\u00fcnde tutarak y\u00fcksek kalite standartlar\u0131nda, beklentilerin \u00f6tesinde hizmet vermeyi g\u00f6revi bilmi\u015ftir.[\/vc_column_text][dfd_spacer screen_wide_spacer_size=&#8221;30&#8243; screen_normal_resolution=&#8221;1280&#8243; screen_tablet_resolution=&#8221;1024&#8243; screen_mobile_resolution=&#8221;800&#8243; screen_tablet_spacer_size=&#8221;60&#8243; screen_mobile_spacer_size=&#8221;50&#8243;][\/vc_column][\/vc_row][vc_row][vc_column][dfd_spacer screen_wide_spacer_size=&#8221;30&#8243; screen_normal_resolution=&#8221;1024&#8243; screen_tablet_resolution=&#8221;800&#8243; screen_mobile_resolution=&#8221;480&#8243;][\/vc_column][\/vc_row]<\/p>\n","protected":false},"excerpt":{"rendered":"<p>[vc_row force_equal_height_columns=&#8221;main_row&#8221;][vc_column width=&#8221;1\/3&#8243;][dfd_single_image module_animation=&#8221;transition.slideUpBigIn&#8221; image=&#8221;22885&#8243; tutorials=&#8221;&#8221;][\/vc_column][vc_column width=&#8221;2\/3&#8243;][dfd_spacer screen_wide_spacer_size=&#8221;30&#8243; screen_normal_resolution=&#8221;1024&#8243; screen_tablet_resolution=&#8221;800&#8243; screen_mobile_resolution=&#8221;480&#8243;][dfd_heading style=&#8221;style_02&#8243; subtitle=&#8221;G\u00fcnep Yap\u0131 Hakk\u0131nda&#8221; content_alignment=&#8221;text-left&#8221; module_animation=&#8221;transition.slideRightBigIn&#8221; enable_delimiter=&#8221;&#8221; undefined=&#8221;&#8221; title_font_options=&#8221;tag:h2|line_height:38&#8243; subtitle_font_options=&#8221;tag:div|font_size:16|color:%23595959&#8243; title_responsive=&#8221;font_size_desktop:31|line_height_desktop:36|font_size_tablet:30|line_height_tablet:36|font_size_mobile:28|line_height_mobile:34&#8243;]Kurumsal[\/dfd_heading][vc_column_text item_animation=&#8221;transition.slideRightBigIn&#8221;]G\u00fcnep Grup \u015eirketlerimizden; G\u00fcnep Yap\u0131 A.\u015e. 2002 y\u0131l\u0131nda<\/p>\n","protected":false},"author":1,"featured_media":0,"parent":0,"menu_order":0,"comment_status":"closed","ping_status":"closed","template":"tmp-page.php","meta":[],"_links":{"self":[{"href":"http:\/\/gunepyapi.com.tr\/index.php?rest_route=\/wp\/v2\/pages\/22734"}],"collection":[{"href":"http:\/\/gunepyapi.com.tr\/index.php?rest_route=\/wp\/v2\/pages"}],"about":[{"href":"http:\/\/gunepyapi.com.tr\/index.php?rest_route=\/wp\/v2\/types\/page"}],"author":[{"embeddable":true,"href":"http:\/\/gunepyapi.com.tr\/index.php?rest_route=\/wp\/v2\/users\/1"}],"replies":[{"embeddable":true,"href":"http:\/\/gunepyapi.com.tr\/index.php?rest_route=%2Fwp%2Fv2%2Fcomments&post=22734"}],"version-history":[{"count":8,"href":"http:\/\/gunepyapi.com.tr\/index.php?rest_route=\/wp\/v2\/pages\/22734\/revisions"}],"predecessor-version":[{"id":22887,"href":"http:\/\/gunepyapi.com.tr\/index.php?rest_route=\/wp\/v2\/pages\/22734\/revisions\/22887"}],"wp:attachment":[{"href":"http:\/\/gunepyapi.com.tr\/index.php?rest_route=%2Fwp%2Fv2%2Fmedia&parent=22734"}],"curies":[{"name":"wp","href":"https:\/\/api.w.org\/{rel}","templated":true}]}}